{"id":52,"date":"2020-09-27T12:35:21","date_gmt":"2020-09-27T10:35:21","guid":{"rendered":"https:\/\/www.pigmentombg.com\/?page_id=2"},"modified":"2026-04-05T08:51:32","modified_gmt":"2026-04-05T08:51:32","slug":"pagina-di-esempio","status":"publish","type":"page","link":"https:\/\/pigmentombg.com\/","title":{"rendered":"Home"},"content":{"rendered":"<p>[et_pb_section fb_built=&#8221;1&#8243; custom_padding_last_edited=&#8221;on|phone&#8221; _builder_version=&#8221;4.16&#8243; background_image=&#8221;https:\/\/pigmentombg.com\/wp-content\/uploads\/2026\/04\/IMG_4984-scaled-1.jpg&#8221; parallax=&#8221;on&#8221; parallax_method=&#8221;off&#8221; background_video_mp4=&#8221;https:\/\/www.pigmentombg.com\/wp-content\/uploads\/2020\/09\/Clip-Pigmanto-web.mp4&#8243; background_video_height=&#8221;850px&#8221; background_video_pause_outside_viewport=&#8221;off&#8221; height=&#8221;797px&#8221; height_tablet=&#8221;421px&#8221; height_phone=&#8221;&#8221; height_last_edited=&#8221;on|tablet&#8221; custom_padding_tablet=&#8221;&#8221; custom_padding_phone=&#8221;||164px||false|false&#8221; hover_enabled=&#8221;0&#8243; background_last_edited=&#8221;on|phone&#8221; global_colors_info=&#8221;{}&#8221; custom_padding__hover_enabled=&#8221;on|desktop&#8221; sticky_enabled=&#8221;0&#8243;][\/et_pb_section][et_pb_section fb_built=&#8221;1&#8243; _builder_version=&#8221;4.16&#8243; use_background_color_gradient=&#8221;on&#8221; background_color_gradient_stops=&#8221;#000000 0%|#215f29 100%&#8221; background_color_gradient_start=&#8221;#000000&#8243; background_color_gradient_end=&#8221;#215f29&#8243; custom_margin=&#8221;-16px|||||&#8221; global_colors_info=&#8221;{}&#8221;][et_pb_row column_structure=&#8221;1_2,1_2&#8243; _builder_version=&#8221;4.16&#8243; min_height=&#8221;428px&#8221; custom_margin=&#8221;37px|auto||auto||&#8221; custom_padding=&#8221;||37px|||&#8221; global_colors_info=&#8221;{}&#8221;][et_pb_column type=&#8221;1_2&#8243; _builder_version=&#8221;4.16&#8243; global_colors_info=&#8221;{}&#8221;][et_pb_image src=&#8221;https:\/\/pigmentombg.com\/wp-content\/uploads\/2026\/04\/pigmento.png&#8221; title_text=&#8221;pigmento&#8221; _builder_version=&#8221;4.16&#8243; global_colors_info=&#8221;{}&#8221;][\/et_pb_image][et_pb_text _builder_version=&#8221;4.16&#8243; text_font=&#8221;||||||||&#8221; header_font=&#8221;||||||||&#8221; header_2_font=&#8221;|600|||||||&#8221; header_2_font_size=&#8221;36px&#8221; header_2_letter_spacing=&#8221;2px&#8221; header_2_line_height=&#8221;1.3em&#8221; background_layout=&#8221;dark&#8221; min_height=&#8221;92px&#8221; custom_margin=&#8221;||-22px|||&#8221; custom_padding=&#8221;30px|||||&#8221; header_2_font_size_tablet=&#8221;&#8221; header_2_font_size_phone=&#8221;28px&#8221; header_2_font_size_last_edited=&#8221;on|phone&#8221; global_colors_info=&#8221;{}&#8221;]<\/p>\n<h2>Creme per il viso<\/h2>\n<h4><span style=\"font-size: large;\">Per idratare, stimolare la tua pelle<\/span><\/h4>\n<p>&nbsp;<\/p>\n<p>[\/et_pb_text][et_pb_text _builder_version=&#8221;4.16&#8243; text_font=&#8221;||||||||&#8221; text_font_size=&#8221;16px&#8221; text_line_height=&#8221;2em&#8221; header_font=&#8221;||||||||&#8221; background_layout=&#8221;dark&#8221; custom_padding=&#8221;54px|||||&#8221; global_colors_info=&#8221;{}&#8221;]<\/p>\n<ul>\n<li>Crema Viso Elasticizzante Antiage alla Chlorella vulgaris<\/li>\n<li>Crema Viso Idratante Antiage al Porphyridium cruentum<\/li>\n<li>Crema Viso Nutriente Antiage al Phaeodactylum tricornutum<\/li>\n<\/ul>\n<p>Con microalghe coltivate da Micoperi Blue Growth in filiera\u00a0 controllata per garantire un prodotto naturale, sicuro e di altissima qualit\u00e0<\/p>\n<p>[\/et_pb_text][\/et_pb_column][et_pb_column type=&#8221;1_2&#8243; _builder_version=&#8221;4.16&#8243; custom_padding=&#8221;|||&#8221; global_colors_info=&#8221;{}&#8221; custom_padding__hover=&#8221;|||&#8221;][et_pb_image src=&#8221;https:\/\/pigmentombg.com\/wp-content\/uploads\/2026\/04\/pigmenti.png&#8221; title_text=&#8221;pigmenti&#8221; align=&#8221;center&#8221; align_tablet=&#8221;center&#8221; align_phone=&#8221;&#8221; align_last_edited=&#8221;on|desktop&#8221; _builder_version=&#8221;4.16&#8243; custom_padding=&#8221;2px|||||&#8221; animation_direction=&#8221;bottom&#8221; global_colors_info=&#8221;{}&#8221;][\/et_pb_image][et_pb_button button_url=&#8221;https:\/\/www.spicc.it\/categoria-prodotto\/creme-per-il-viso\/&#8221; button_text=&#8221;Vai ai dettagli ed acquista&#8221; button_alignment=&#8221;center&#8221; _builder_version=&#8221;4.16&#8243; custom_margin=&#8221;||-1px|||&#8221; global_colors_info=&#8221;{}&#8221;][\/et_pb_button][\/et_pb_column][\/et_pb_row][\/et_pb_section][et_pb_section fb_built=&#8221;1&#8243; _builder_version=&#8221;4.16&#8243; _module_preset=&#8221;default&#8221; background_image=&#8221;https:\/\/pigmentombg.com\/wp-content\/uploads\/2026\/04\/parallax.pigme_.jpg&#8221; parallax=&#8221;on&#8221; parallax_method=&#8221;off&#8221; global_colors_info=&#8221;{}&#8221;][et_pb_row _builder_version=&#8221;4.16&#8243; _module_preset=&#8221;default&#8221; global_colors_info=&#8221;{}&#8221;][et_pb_column type=&#8221;4_4&#8243; _builder_version=&#8221;4.16&#8243; _module_preset=&#8221;default&#8221; global_colors_info=&#8221;{}&#8221;][et_pb_divider show_divider=&#8221;off&#8221; _builder_version=&#8221;4.16&#8243; _module_preset=&#8221;default&#8221; height=&#8221;388px&#8221; custom_padding=&#8221;||0px|||&#8221; global_colors_info=&#8221;{}&#8221;][\/et_pb_divider][\/et_pb_column][\/et_pb_row][\/et_pb_section][et_pb_section fb_built=&#8221;1&#8243; _builder_version=&#8221;4.16&#8243; min_height=&#8221;751px&#8221; custom_margin=&#8221;-3px|||||&#8221; global_colors_info=&#8221;{}&#8221;][et_pb_row column_structure=&#8221;2_5,3_5&#8243; _builder_version=&#8221;4.16&#8243; custom_margin=&#8221;21px|auto||auto||&#8221; custom_padding=&#8221;||59px|||&#8221; global_colors_info=&#8221;{}&#8221;][et_pb_column type=&#8221;2_5&#8243; _builder_version=&#8221;4.16&#8243; global_colors_info=&#8221;{}&#8221;][et_pb_image src=&#8221;https:\/\/pigmentombg.com\/wp-content\/uploads\/2026\/04\/L9-b.jpg&#8221; title_text=&#8221;L9 b&#8221; _builder_version=&#8221;4.16&#8243; global_colors_info=&#8221;{}&#8221;][\/et_pb_image][\/et_pb_column][et_pb_column type=&#8221;3_5&#8243; _builder_version=&#8221;4.16&#8243; global_colors_info=&#8221;{}&#8221;][et_pb_text _builder_version=&#8221;4.16&#8243; text_text_color=&#8221;#000000&#8243; header_3_font=&#8221;|||||on|||&#8221; text_orientation=&#8221;justified&#8221; custom_margin=&#8221;1px|||||&#8221; custom_padding=&#8221;1px|||||&#8221; text_text_shadow_style=&#8221;preset1&#8243; header_2_text_shadow_style=&#8221;preset1&#8243; header_3_text_shadow_style=&#8221;preset1&#8243; header_5_text_shadow_style=&#8221;preset1&#8243; global_colors_info=&#8221;{}&#8221;]<\/p>\n<h3 style=\"text-align: left;\">Crema viso Idratante al Porphyridium cruentum:<\/h3>\n<p>La crema idratante antiage alla microalga marina Porphyridium cruentum \u00e8 un trattamento giorno\/notte studiato per aiutare le pelli delicate e reattive a rafforzare le proprie difese regalando idratazione e comfort, e contribuendo con i suoi principi attivi all\u2019attenuazione dei segni dell\u2019invecchiamento. Un&#8217;innovazione Micoperi Blue Growth, con una texture morbida e leggera che protegge la pelle dalla disidratazione quotidiana. Un delicato color rosa pastello e un odore acqua marina caratterizzano la crema.<\/p>\n<p>Grazie alla microalga Porphyridium cruentum sono naturalmente presenti sia i polisaccaridi solfati dalle propriet\u00e0 emollienti ed idratanti, sia le ficoeritrine, potenti pigmenti antiossidanti che proteggono dai radicali liberi.<\/p>\n<p>Da applicare mattina e sera su viso e collo, si raccomanda l\u2019applicazione sempre con le mani ben pulite facendo attenzione a richiudere il tappo adeguatamente.<\/p>\n<p>Conservare in luogo fresco e al riparo dalla luce.<\/p>\n<p><em>Il prodotto contiene acqua, glicerina, olio di germe di grano, olio di semi di Helianthus amnus, acido stearico, gliceril stearato, alcool cetilstearilico, olio di semi di Simmondsia chinensis, Alcol 2-feniletilico, estratto di Porphyridium cruentum, estratto di Helicrysum italicum, estratto di Panax ginseng, tocoferolo acetato, arginina, estratto di Calendula officinalis, estratto di Achillea millefolium, cyclodestrina, profumo, retinil palmitato, etilesilglicerina. Il prodotto non contiene parabeni, allergeni, tensioattivi, PEG, solventi, siliconi, coloranti, texturizzanti e opacizzanti, derivati del petrolio.<\/em><\/p>\n<p>[\/et_pb_text][\/et_pb_column][\/et_pb_row][\/et_pb_section][et_pb_section fb_built=&#8221;1&#8243; _builder_version=&#8221;4.16&#8243; use_background_color_gradient=&#8221;on&#8221; background_color_gradient_stops=&#8221;#0c300a 0%|#215f29 100%&#8221; background_color_gradient_start=&#8221;#0c300a&#8221; background_color_gradient_end=&#8221;#215f29&#8243; min_height=&#8221;470px&#8221; custom_margin=&#8221;-2px|||||&#8221; global_colors_info=&#8221;{}&#8221;][et_pb_row column_structure=&#8221;3_5,2_5&#8243; _builder_version=&#8221;4.16&#8243; min_height=&#8221;439px&#8221; custom_margin=&#8221;68px|auto|-1px|auto||&#8221; custom_padding=&#8221;13px||0px|||&#8221; global_colors_info=&#8221;{}&#8221;][et_pb_column type=&#8221;3_5&#8243; _builder_version=&#8221;4.16&#8243; global_colors_info=&#8221;{}&#8221;][et_pb_text _builder_version=&#8221;4.16&#8243; text_text_color=&#8221;#ffffff&#8221; header_2_text_color=&#8221;#ffffff&#8221; header_3_text_color=&#8221;#ffffff&#8221; text_orientation=&#8221;justified&#8221; custom_margin=&#8221;||59px|||&#8221; custom_padding=&#8221;3px|||||&#8221; text_text_shadow_style=&#8221;preset1&#8243; header_2_text_shadow_style=&#8221;preset1&#8243; header_3_text_shadow_style=&#8221;preset1&#8243; global_colors_info=&#8221;{}&#8221;]<\/p>\n<h3>Crema viso Elasticizzante alla Chlorella vulgaris:<\/h3>\n<p>La crema elasticizzante antiage alla microalga d&#8217;acqua dolce Chlorella vulgaris, ricca di peptidi e vitamine C ed E, aumenta l\u2019elasticit\u00e0 della pelle e riduce il danno causato dai radicali liberi. L\u2019esclusiva formulazione, con la massima percentuale di principi attivi di altissima qualit\u00e0, permette di ottenere risultati visibili nel trattamento delle pelli mature nutrendole in profondit\u00e0 e mantenendo il giusto grado di elasticit\u00e0. Un&#8217;innovazione Micoperi Blue Growth, con una texture ricca e vellutata che protegge la pelle dalla disidratazione quotidiana.<\/p>\n<p>La microalga Chlorella vulgaris stimola la sintesi di collagene e garantisce alla crema un\u2019azione ristrutturante, idratante, emolliente e addolcente dell\u2019epidermide sia di giorno che di notte.<br \/> Caratterizzata da un naturale colore verde chiaro, da applicare mattina e sera su viso e collo, si raccomanda l\u2019applicazione sempre con le mani ben pulite facendo attenzione a richiudere il tappo adeguatamente.<\/p>\n<p>Conservare in luogo fresco e al riparo dalla luce.<\/p>\n<p><em>Il prodotto contiene acqua, glicerina, olio di germe di grano, olio di semi di Helianthus amnus, acido stearico, gliceril stearato, alcool cetilstearilico, olio di semi di Simmondsia chinensis, Alcol 2-feniletilico, estratto di Chlorella vulgaris, estratto di Helicrysum italicum, estratto di Panax ginseng, tocoferolo acetato, arginina, estratto di Calendula officinalis, estratto di Achillea millefolium, cyclodestrina, profumo, retinil palmitato, etilesilglicerina. Il prodotto non contiene parabeni, allergeni, tensioattivi, PEG, solventi, siliconi, coloranti, texturizzanti e opacizzanti, derivati del petrolio.<\/em><\/p>\n<p>[\/et_pb_text][\/et_pb_column][et_pb_column type=&#8221;2_5&#8243; _builder_version=&#8221;4.16&#8243; global_colors_info=&#8221;{}&#8221;][et_pb_image src=&#8221;https:\/\/pigmentombg.com\/wp-content\/uploads\/2026\/04\/chlorella-vulgaris.jpeg&#8221; title_text=&#8221;chlorella-vulgaris&#8221; _builder_version=&#8221;4.16&#8243; global_colors_info=&#8221;{}&#8221;][\/et_pb_image][\/et_pb_column][\/et_pb_row][\/et_pb_section][et_pb_section fb_built=&#8221;1&#8243; _builder_version=&#8221;4.16&#8243; custom_margin=&#8221;33px|||||&#8221; global_colors_info=&#8221;{}&#8221;][et_pb_row column_structure=&#8221;2_5,3_5&#8243; _builder_version=&#8221;4.16&#8243; custom_margin=&#8221;21px|auto||auto||&#8221; custom_padding=&#8221;||59px|||&#8221; global_colors_info=&#8221;{}&#8221;][et_pb_column type=&#8221;2_5&#8243; _builder_version=&#8221;4.16&#8243; global_colors_info=&#8221;{}&#8221;][et_pb_image src=&#8221;https:\/\/pigmentombg.com\/wp-content\/uploads\/2026\/04\/pt.jpg&#8221; title_text=&#8221;pt&#8221; _builder_version=&#8221;4.16&#8243; global_colors_info=&#8221;{}&#8221;][\/et_pb_image][\/et_pb_column][et_pb_column type=&#8221;3_5&#8243; _builder_version=&#8221;4.16&#8243; global_colors_info=&#8221;{}&#8221;][et_pb_text _builder_version=&#8221;4.16&#8243; text_orientation=&#8221;justified&#8221; custom_margin=&#8221;1px|||||&#8221; custom_padding=&#8221;1px|||||&#8221; text_text_shadow_style=&#8221;preset1&#8243; header_2_text_shadow_style=&#8221;preset1&#8243; header_3_text_shadow_style=&#8221;preset1&#8243; header_5_text_shadow_style=&#8221;preset1&#8243; global_colors_info=&#8221;{}&#8221;]<\/p>\n<h3 style=\"text-align: left;\">Crema viso Nutriente al Phaeodactylum tricornutum :<\/h3>\n<p>La crema nutriente antiage, con applicazione giorno\/notte su viso e collo, \u00e8 indicata per le pelli pi\u00f9 giovani, contribuendo a ripristinare il tono cutaneo e a prevenire i segni dell\u2019invecchiamento. L&#8217;altissima qualit\u00e0 che caratterizzano questa crema stimolano la detossicazione cellulare e rende pi\u00f9 uniforme e luminoso l\u2019incarnato di viso, collo e d\u00e9collet\u00e9, nutrendo in profondit\u00e0 e donando equilibrio e benessere alla pelle. Gli estratti di quest\u2019alga inducono la sintesi di collagene, proteggono la pelle dall\u2019emissione di raggi UV e prevengono gli effetti dell\u2019et\u00e0.<br \/> Caratterizzata da un colore bronzo ed odore acqua marina, la crema va applicata sempre con le mani ben pulite facendo attenzione a richiudere il tappo adeguatamente.<\/p>\n<p>Conservare in luogo fresco e al riparo dalla luce.<\/p>\n<p><em>Il prodotto contiene acqua, glicerina, olio di germe di grano, olio di semi di Helianthus amnus, acido stearico, gliceril stearato, alcool cetilstearilico, olio di semi di Simmondsia chinensis, Alcol 2-feniletilico, estratto di Phaeodactylum tricornutum, estratto di Helicrysum italicum, estratto di Panax ginseng, tocoferolo acetato, arginina, estratto di Calendula officinalis, estratto di Achillea millefolium, cyclodestrina, profumo, retinil palmitato, etilesilglicerina. Il prodotto non contiene parabeni, allergeni, tensioattivi, PEG, solventi, siliconi, coloranti, texturizzanti e opacizzanti, derivati del petrolio.<\/em><\/p>\n<p>[\/et_pb_text][\/et_pb_column][\/et_pb_row][\/et_pb_section]<\/p>\n","protected":false},"excerpt":{"rendered":"<p>Creme per il viso Per idratare, stimolare la tua pelle &nbsp; Crema Viso Elasticizzante Antiage alla Chlorella vulgaris Crema Viso Idratante Antiage al Porphyridium cruentum Crema Viso Nutriente Antiage al Phaeodactylum tricornutum Con microalghe coltivate da Micoperi Blue Growth in filiera\u00a0 controllata per garantire un prodotto naturale, sicuro e di altissima qualit\u00e0Crema viso Idratante al [&hellip;]<\/p>\n","protected":false},"author":2,"featured_media":0,"parent":0,"menu_order":0,"comment_status":"closed","ping_status":"open","template":"","meta":{"_et_pb_use_builder":"on","_et_pb_old_content":"<!-- wp:paragraph -->\n<p>Questa \u00e8 una pagina di esempio. Differisce da un articolo di un blog perch\u00e9 rimane sempre allo stesso posto e (in molti temi) appare nel menu di navigazione. Molte persone iniziano con una pagina di Informazioni che li presentano ai visitatori del sito. Potrebbe apparire una presentazione del tipo:<\/p>\n<!-- \/wp:paragraph -->\n\n<!-- wp:quote -->\n<blockquote class=\"wp-block-quote\"><p>Ciao! Sono un fattorino ciclista di giorno, aspirante attore di notte e questo \u00e8 il mio sito web. Vivo a Los Angeles, ho un grande cane di nome Jack e mi piace la pi\u00f1a colada. (E prendere la pioggia)<\/p><\/blockquote>\n<!-- \/wp:quote -->\n\n<!-- wp:paragraph -->\n<p>...o qualcosa di simile:<\/p>\n<!-- \/wp:paragraph -->\n\n<!-- wp:quote -->\n<blockquote class=\"wp-block-quote\"><p>La Societ\u00e0 XYZ Aggeggi \u00e8 stata fondata nel 1971 e da allora fornisce al pubblico aggeggi di ottima qualit\u00e0. Situata a Fantasilandia, XYZ impiega oltre 2.000 persone e realizza ogni sorta di aggeggio fantastico per la comunit\u00e0 di Fantasilandia.<\/p><\/blockquote>\n<!-- \/wp:quote -->\n\n<!-- wp:paragraph -->\n<p>Come nuovo utente di WordPress, dovresti andare nella tua <a href=\"https:\/\/www.pigmentombg.com\/wp-admin\/\">Bacheca<\/a> per eliminare questa pagina, e crearne delle nuove per i tuoi contenuti. Divertiti!<\/p>\n<!-- \/wp:paragraph -->","_et_gb_content_width":"","footnotes":""},"class_list":["post-52","page","type-page","status-publish","hentry"],"_links":{"self":[{"href":"https:\/\/pigmentombg.com\/index.php?rest_route=\/wp\/v2\/pages\/52","targetHints":{"allow":["GET"]}}],"collection":[{"href":"https:\/\/pigmentombg.com\/index.php?rest_route=\/wp\/v2\/pages"}],"about":[{"href":"https:\/\/pigmentombg.com\/index.php?rest_route=\/wp\/v2\/types\/page"}],"author":[{"embeddable":true,"href":"https:\/\/pigmentombg.com\/index.php?rest_route=\/wp\/v2\/users\/2"}],"replies":[{"embeddable":true,"href":"https:\/\/pigmentombg.com\/index.php?rest_route=%2Fwp%2Fv2%2Fcomments&post=52"}],"version-history":[{"count":3,"href":"https:\/\/pigmentombg.com\/index.php?rest_route=\/wp\/v2\/pages\/52\/revisions"}],"predecessor-version":[{"id":66,"href":"https:\/\/pigmentombg.com\/index.php?rest_route=\/wp\/v2\/pages\/52\/revisions\/66"}],"wp:attachment":[{"href":"https:\/\/pigmentombg.com\/index.php?rest_route=%2Fwp%2Fv2%2Fmedia&parent=52"}],"curies":[{"name":"wp","href":"https:\/\/api.w.org\/{rel}","templated":true}]}}